{"id":482,"date":"2023-07-13T19:03:50","date_gmt":"2023-07-13T17:03:50","guid":{"rendered":"https:\/\/visualpractitioners.ch\/werde-mitglied\/"},"modified":"2024-01-11T19:13:05","modified_gmt":"2024-01-11T18:13:05","slug":"werde-mitglied","status":"publish","type":"page","link":"https:\/\/visualpractitioners.ch\/de\/werde-mitglied\/","title":{"rendered":"Werde Mitglied"},"content":{"rendered":"<h1><a href=\"https:\/\/visualpractitioners.ch\/?page_id=232\">Mitglied werden<\/a><\/h1>\n<div>\n<p>Die Gemeinschaft der Visual Practitioners w\u00e4chst &#8211; weltweit und in der Schweiz. Sei ein Teil davon und werde Mitglied bei Visual Practitioners Schweiz &#8211; du hast viele Vorteile damit.<\/p>\n<p>Mit deiner Mitgliedschaft unterst\u00fctzt unseren Berufsstand und gestaltest ihn aktiv mit.<\/p>\n<\/div>\n<p>\n    <a href=\"https:\/\/visualpractitioners.ch\/register\/\">Ja, ich will dabei sein!<\/a>\n<\/p>\n<p><a href=\"https:\/\/visualpractitioners.ch\/?page_id=232\"><img decoding=\"async\" src=\"\/wp-content\/uploads\/2023\/09\/VPCH_Drop_Coloured-pink.png\" alt=\"\"><\/a><\/p>\n<h2>Deine Vorteile als Mitglied<\/h2>\n<h3>Community<\/h3>\n<div>\n<p>Du bist Teil einer grossartigen Gemeinschaft von Gleichgesinnten. Du hast die M\u00f6glichkeit, an den regelm\u00e4ssigen Treffen teilzunehmen, sowohl online als auch vor Ort. Dort tauschen wir uns aus \u00fcber aktuelle Themen rund um unseren Beruf, erweitern unser Netzwerk und nehmen nat\u00fcrlich immer wieder selbst die Stifte in die Hand, um das zu tun, was wir lieben.<\/p>\n<p>Zus\u00e4tzlich hast du Zugang zu unseren Kan\u00e4len, um dich auszutauschen, Fragen zu stellen, uns gegenseitig zu unterst\u00fctzen und Anfragen zu stellen oder zu erhalten.<\/p>\n<\/div>\n<h3>Sichtbarkeit<\/h3>\n<div>\n<p>Du bist mit deinem pers\u00f6nlichen Profil auf der Website von Visual Practitioners Switzerland vertreten. Interessierte potenzielle Kund:innen k\u00f6nnen die Profile nach relevanten Kriterien wie Dienstleistung oder Sprache durchsuchen &#8211; und finden in dir den perfekten Visual Practitioner f\u00fcr ihr Anliegen.<\/p>\n<\/div>\n<p><img decoding=\"async\" src=\"\/wp-content\/uploads\/2023\/10\/visual-practitioners-switzerland-visibility.png\" alt=\"\"><\/p>\n<h3>Engagement<\/h3>\n<div>\n<p>Du hast den Finger am Puls aller Entwicklungen, die unseren Beruf als Visual Practitioners betreffen. Du hastn die M\u00f6glichkeit, die Zukunft aktiv zu gestalten. Als Mitglied bestimmst du mit, welche Themen bei den Treffen behandelt werden, und du beteiligst sich an unseren Aktivit\u00e4ten.<\/p>\n<\/div>\n<h3>Goodies<\/h3>\n<div>\n<p>Als Mitglied erh\u00e4ltst du 10% Rabatt auf alles Material, das du bei der NEULAND Schweiz bestellst (Ausnahmen f\u00fcr z.B. B\u00fccher sind m\u00f6glich). Jetzt macht das Ausprobieren neuer Stifte noch mehr Spass!<\/p>\n<\/div>\n<p>\n    <a href=\"https:\/\/visualpractitioners.ch\/register\/\">Klingt perfekt!<\/a>\n<\/p>\n<p><img decoding=\"async\" src=\"\/wp-content\/uploads\/2023\/10\/visual-practitioners-switzerland-goodies.png\" alt=\"\"><\/p>\n<h2>Kriterien f\u00fcr die Mitgliedschaft<\/h2>\n<div>\n<p>Wir wollen die Dinge einfach halten. Drei ist eine magische Zahl, und es gibt genau drei Kriterien daf\u00fcr, Mitglied bei Visual Practitioners Switzerland zu werden.<\/p>\n<ol>\n<li>Du bist wohnhaft in der Schweiz<\/li>\n<li>Du hast eine eigene Webseite, auf welcher du deine Angebote im Bereich von Visualisierungen zeigst<\/li>\n<li>Visuelle Arbeit macht den gr\u00f6ssten Teil deiner Arbeit \/ Arbeitszeit aus, unabh\u00e4ngig davon, ob du selbst\u00e4ndig oder angestellt bist<\/li>\n<\/ol>\n<\/div>\n<p>\n    <a href=\"https:\/\/visualpractitioners.ch\/register\/\">Das bin ich! Ich will dabei sein<\/a>\n<\/p>\n<h2>Supporter werden<\/h2>\n<div>\n<p>Die genannten Kriterien treffen (noch) nicht auf dich zu? Werde Supporter!<\/p>\n<\/div>\n<h3>Deine Vorteile als Supporter<\/h3>\n<h3>Community<\/h3>\n<div>\n<p>Du bist Teil einer grossartigen Gemeinschaft von Gleichgesinnten. Du hast Zugang zu unseren Kan\u00e4len, in denen du dich an Visualisierungsexperten wenden kannst, um Einblicke in alles rund ums Visualisieren zu erhalten.<\/p>\n<\/div>\n<h3>Erfahrung<\/h3>\n<div>\n<p>Du erh\u00e4ltst die Gelegenheit, erfahrene Visual Practitioners bei Graphic Recordings zu begleiten und ihnen bei der Arbeit \u00fcber die Schulter zu schauen. Lerne bew\u00e4hrte Best Practice bei der Arbeit.<\/p>\n<\/div>\n<h3>Entwicklung<\/h3>\n<div>\n<div class=\"flex flex-grow flex-col gap-3 max-w-full\">\n<div class=\"min-h-[20px] flex flex-col items-start gap-3 overflow-x-auto whitespace-pre-wrap break-words\">\n<div class=\"markdown prose w-full break-words dark:prose-invert light\">\n<p>Du bist \u00fcber die neuesten Entwicklungen im Bereich der Visual Practitioners bestens informiert und hast die M\u00f6glichkeit, die Zukunft aktiv mitzugestalten.<\/p>\n<\/div>\n<\/div>\n<\/div>\n<\/div>\n<p>\n    <a href=\"https:\/\/visualpractitioners.ch\/become-supporter\/\">Ich will Supporter werden<\/a>\n<\/p>\n<h2>Investment<\/h2>\n<h3>Member<\/h3>\n<div>\n<p>Deine aktive Mitgliedschaft erm\u00f6glicht dir die oben gelisteten Vorteile.\u00a0<\/p>\n<p>Der j\u00e4hrliche Mitgliederbeitrag betr\u00e4gt CHF 120.-<\/p>\n<p>Wenn du in der zweiten H\u00e4lfte des Kalenderjahres Mitglied wirst, betr\u00e4gt die Geb\u00fchr f\u00fcr dieses Jahr CHF 60.-<\/p>\n<\/div>\n<p>\n    <a href=\"https:\/\/visualpractitioners.ch\/register\/\">ich will Mitglied werden<\/a>\n<\/p>\n<h3>Supporter<\/h3>\n<div>\n<p>Die Passiv-Mitgliedschaft betr\u00e4gt CHF 30.-\u00a0 pro Jahr<\/p>\n<\/div>\n<p>\n    <a href=\"https:\/\/visualpractitioners.ch\/become-supporter\/\">Ich will Supporter werden<\/a>\n<\/p>\n<p><!--more--><br \/>\n<!-- {\"type\":\"layout\",\"children\":[{\"type\":\"section\",\"props\":{\"image_position\":\"center-center\",\"style\":\"default\",\"title_breakpoint\":\"xl\",\"title_position\":\"top-left\",\"title_rotation\":\"left\",\"vertical_align\":\"middle\",\"width\":\"default\"},\"children\":[{\"type\":\"row\",\"children\":[{\"type\":\"column\",\"props\":{\"image_position\":\"center-center\",\"position_sticky_breakpoint\":\"m\"},\"children\":[{\"type\":\"headline\",\"props\":{\"content\":\"Mitglied werden\",\"link\":\"application\\\/\",\"link_target\":true,\"title_element\":\"h1\",\"title_style\":\"heading-small\"}}]}]},{\"type\":\"row\",\"props\":{\"layout\":\"2-3,1-3\"},\"children\":[{\"type\":\"column\",\"props\":{\"image_position\":\"center-center\",\"position_sticky_breakpoint\":\"m\",\"width_medium\":\"2-3\"},\"children\":[{\"type\":\"text\",\"props\":{\"column_breakpoint\":\"m\",\"content\":\"\n\n<p>Die Gemeinschaft der Visual Practitioners w\\u00e4chst - weltweit und in der Schweiz. Sei ein Teil davon und werde Mitglied bei Visual Practitioners Schweiz - du hast viele Vorteile damit.<\\\/p>\\n\n\n<p>Mit deiner Mitgliedschaft unterst\\u00fctzt unseren Berufsstand und gestaltest ihn aktiv mit.<\\\/p>\",\"margin\":\"default\"}},{\"type\":\"button\",\"props\":{\"grid_column_gap\":\"small\",\"grid_row_gap\":\"small\",\"margin\":\"default\"},\"children\":[{\"type\":\"button_item\",\"props\":{\"button_style\":\"default\",\"content\":\"Ja, ich will dabei sein!\",\"icon_align\":\"left\",\"link\":\"register\\\/\",\"link_target\":\"blank\",\"link_title\":\"jetzt anmelden\"}}]}]},{\"type\":\"column\",\"props\":{\"image_position\":\"center-center\",\"position_sticky_breakpoint\":\"m\",\"width_medium\":\"1-3\"},\"children\":[{\"type\":\"image\",\"props\":{\"image\":\"wp-content\\\/uploads\\\/2023\\\/09\\\/VPCH_Drop_Coloured-pink.png\",\"image_svg_color\":\"emphasis\",\"image_width\":\"200\",\"link\":\"application\\\/\",\"margin\":\"default\",\"visibility\":\"l\"}}]}]}],\"name\":\"H1\"},{\"type\":\"section\",\"props\":{\"id\":\"member-benefits\",\"image_position\":\"center-center\",\"style\":\"default\",\"title_breakpoint\":\"xl\",\"title_position\":\"top-left\",\"title_rotation\":\"left\",\"vertical_align\":\"middle\",\"width\":\"default\"},\"children\":[{\"type\":\"row\",\"children\":[{\"type\":\"column\",\"props\":{\"image_position\":\"center-center\",\"position_sticky_breakpoint\":\"m\"},\"children\":[{\"type\":\"headline\",\"props\":{\"content\":\"Deine Vorteile als Mitglied\",\"title_element\":\"h2\",\"title_style\":\"h1\"}}]}]},{\"type\":\"row\",\"props\":{\"layout\":\"2-3,1-3\"},\"children\":[{\"type\":\"column\",\"props\":{\"image_position\":\"center-center\",\"position_sticky_breakpoint\":\"m\",\"width_medium\":\"2-3\"},\"children\":[{\"type\":\"headline\",\"props\":{\"content\":\"Community\",\"title_element\":\"h3\",\"title_style\":\"h3\"}},{\"type\":\"text\",\"props\":{\"column_breakpoint\":\"m\",\"content\":\"\n\n<p>Du bist Teil einer grossartigen Gemeinschaft von Gleichgesinnten. Du hast die M\\u00f6glichkeit, an den regelm\\u00e4ssigen Treffen teilzunehmen, sowohl online als auch vor Ort. Dort tauschen wir uns aus \\u00fcber aktuelle Themen rund um unseren Beruf, erweitern unser Netzwerk und nehmen nat\\u00fcrlich immer wieder selbst die Stifte in die Hand, um das zu tun, was wir lieben.<\\\/p>\\n\n\n<p>Zus\\u00e4tzlich hast du Zugang zu unseren Kan\\u00e4len, um dich auszutauschen, Fragen zu stellen, uns gegenseitig zu unterst\\u00fctzen und Anfragen zu stellen oder zu erhalten.<\\\/p>\",\"margin\":\"default\"}}]},{\"type\":\"column\",\"props\":{\"image_position\":\"center-center\",\"position_sticky_breakpoint\":\"m\",\"width_medium\":\"1-3\"}}]},{\"type\":\"row\",\"props\":{\"layout\":\"2-3,1-3\"},\"children\":[{\"type\":\"column\",\"props\":{\"image_position\":\"center-center\",\"position_sticky_breakpoint\":\"m\",\"width_medium\":\"2-3\"},\"children\":[{\"type\":\"headline\",\"props\":{\"content\":\"Sichtbarkeit\",\"title_element\":\"h3\",\"title_style\":\"h3\"}},{\"type\":\"text\",\"props\":{\"column_breakpoint\":\"m\",\"content\":\"\n\n<p>Du bist mit deinem pers\\u00f6nlichen Profil auf der Website von Visual Practitioners Switzerland vertreten. Interessierte potenzielle Kund:innen k\\u00f6nnen die Profile nach relevanten Kriterien wie Dienstleistung oder Sprache durchsuchen - und finden in dir den perfekten Visual Practitioner f\\u00fcr ihr Anliegen.<\\\/p>\",\"margin\":\"default\"}}]},{\"type\":\"column\",\"props\":{\"image_position\":\"center-center\",\"position_sticky_breakpoint\":\"m\",\"width_medium\":\"1-3\"},\"children\":[{\"type\":\"image\",\"props\":{\"image\":\"wp-content\\\/uploads\\\/2023\\\/10\\\/visual-practitioners-switzerland-visibility.png\",\"image_svg_color\":\"emphasis\",\"image_width\":\"200\",\"margin\":\"default\"}}]}]},{\"type\":\"row\",\"props\":{\"layout\":\"2-3,1-3\"},\"children\":[{\"type\":\"column\",\"props\":{\"image_position\":\"center-center\",\"position_sticky_breakpoint\":\"m\",\"width_medium\":\"2-3\"},\"children\":[{\"type\":\"headline\",\"props\":{\"content\":\"Engagement\",\"title_element\":\"h3\",\"title_style\":\"h3\"}},{\"type\":\"text\",\"props\":{\"column_breakpoint\":\"m\",\"content\":\"\n\n<p>Du hast den Finger am Puls aller Entwicklungen, die unseren Beruf als Visual Practitioners betreffen. Du hastn die M\\u00f6glichkeit, die Zukunft aktiv zu gestalten. Als Mitglied bestimmst du mit, welche Themen bei den Treffen behandelt werden, und du beteiligst sich an unseren Aktivit\\u00e4ten.<\\\/p>\",\"margin\":\"default\"}}]},{\"type\":\"column\",\"props\":{\"image_position\":\"center-center\",\"position_sticky_breakpoint\":\"m\",\"width_medium\":\"1-3\"}}]},{\"type\":\"row\",\"props\":{\"layout\":\"2-3,1-3\"},\"children\":[{\"type\":\"column\",\"props\":{\"image_position\":\"center-center\",\"position_sticky_breakpoint\":\"m\",\"width_medium\":\"2-3\"},\"children\":[{\"type\":\"headline\",\"props\":{\"content\":\"Goodies\",\"title_element\":\"h3\",\"title_style\":\"h3\"}},{\"type\":\"text\",\"props\":{\"column_breakpoint\":\"m\",\"content\":\"\n\n<p>Als Mitglied erh\\u00e4ltst du 10% Rabatt auf alles Material, das du bei der NEULAND Schweiz bestellst (Ausnahmen f\\u00fcr z.B. B\\u00fccher sind m\\u00f6glich). Jetzt macht das Ausprobieren neuer Stifte noch mehr Spass!<\\\/p>\",\"margin\":\"default\"}},{\"type\":\"button\",\"props\":{\"grid_column_gap\":\"small\",\"grid_row_gap\":\"small\",\"margin\":\"default\"},\"children\":[{\"type\":\"button_item\",\"props\":{\"button_style\":\"default\",\"content\":\"Klingt perfekt!\",\"icon_align\":\"left\",\"link\":\"register\\\/\",\"link_target\":\"blank\",\"link_title\":\"jetzt Teil der Community werden\"}}]},{\"type\":\"totop\",\"props\":{\"margin\":\"default\",\"title_grid_column_gap\":\"small\",\"title_grid_row_gap\":\"small\"}}]},{\"type\":\"column\",\"props\":{\"image_position\":\"center-center\",\"position_sticky_breakpoint\":\"m\",\"width_medium\":\"1-3\"},\"children\":[{\"type\":\"image\",\"props\":{\"image\":\"wp-content\\\/uploads\\\/2023\\\/10\\\/visual-practitioners-switzerland-goodies.png\",\"image_svg_color\":\"emphasis\",\"image_width\":\"200\",\"margin\":\"default\"}}]}]}],\"name\":\"Member Benefits\"},{\"type\":\"section\",\"props\":{\"id\":\"member-criteria\",\"image_position\":\"center-center\",\"style\":\"default\",\"title_breakpoint\":\"xl\",\"title_position\":\"top-left\",\"title_rotation\":\"left\",\"vertical_align\":\"middle\",\"width\":\"default\"},\"children\":[{\"type\":\"row\",\"children\":[{\"type\":\"column\",\"props\":{\"image_position\":\"center-center\",\"position_sticky_breakpoint\":\"m\"},\"children\":[{\"type\":\"headline\",\"props\":{\"content\":\"Kriterien f\\u00fcr die Mitgliedschaft\",\"title_element\":\"h2\",\"title_style\":\"h1\"}},{\"type\":\"text\",\"props\":{\"column_breakpoint\":\"m\",\"content\":\"\n\n<p>Wir wollen die Dinge einfach halten. Drei ist eine magische Zahl, und es gibt genau drei Kriterien daf\\u00fcr, Mitglied bei Visual Practitioners Switzerland zu werden.<\\\/p>\\n\n\n<ol>\\n\n\n<li>Du bist wohnhaft in der Schweiz<\\\/li>\\n\n\n<li>Du hast eine eigene Webseite, auf welcher du deine Angebote im Bereich von Visualisierungen zeigst<\\\/li>\\n\n\n<li>Visuelle Arbeit macht den gr\\u00f6ssten Teil deiner Arbeit \\\/ Arbeitszeit aus, unabh\\u00e4ngig davon, ob du selbst\\u00e4ndig oder angestellt bist<\\\/li>\\n<\\\/ol>\",\"margin\":\"default\"}},{\"type\":\"button\",\"props\":{\"grid_column_gap\":\"small\",\"grid_row_gap\":\"small\",\"margin\":\"default\"},\"children\":[{\"type\":\"button_item\",\"props\":{\"button_style\":\"default\",\"content\":\"Das bin ich! Ich will dabei sein\",\"icon_align\":\"left\",\"link\":\"register\\\/\",\"link_target\":\"blank\",\"link_title\":\"Jetzt anmelden\"}}]}]}]}],\"name\":\"Member Criteria\"},{\"type\":\"section\",\"props\":{\"id\":\"member-passive\",\"image_position\":\"center-center\",\"style\":\"default\",\"title_breakpoint\":\"xl\",\"title_position\":\"top-left\",\"title_rotation\":\"left\",\"vertical_align\":\"middle\",\"width\":\"default\"},\"children\":[{\"type\":\"row\",\"children\":[{\"type\":\"column\",\"props\":{\"image_position\":\"center-center\",\"position_sticky_breakpoint\":\"m\"},\"children\":[{\"type\":\"headline\",\"props\":{\"content\":\"Supporter werden\",\"title_element\":\"h2\",\"title_style\":\"h1\"}},{\"type\":\"text\",\"props\":{\"column_breakpoint\":\"m\",\"content\":\"\n\n<p>Die genannten Kriterien treffen (noch) nicht auf dich zu? Werde Supporter!<\\\/p>\",\"margin\":\"default\"}}]}]},{\"type\":\"row\",\"children\":[{\"type\":\"column\",\"props\":{\"image_position\":\"center-center\",\"position_sticky_breakpoint\":\"m\"},\"children\":[{\"type\":\"headline\",\"props\":{\"content\":\"Deine Vorteile als Supporter\",\"title_element\":\"h3\",\"title_style\":\"h3\"}}]}]},{\"type\":\"row\",\"props\":{\"layout\":\"1-3,1-3,1-3\"},\"children\":[{\"type\":\"column\",\"props\":{\"image_position\":\"center-center\",\"position_sticky_breakpoint\":\"m\",\"width_medium\":\"1-3\"},\"children\":[{\"type\":\"headline\",\"props\":{\"content\":\"Community\",\"title_element\":\"h3\",\"title_style\":\"h3\"}},{\"type\":\"text\",\"props\":{\"column_breakpoint\":\"m\",\"content\":\"\n\n<p>Du bist Teil einer grossartigen Gemeinschaft von Gleichgesinnten. Du hast Zugang zu unseren Kan\\u00e4len, in denen du dich an Visualisierungsexperten wenden kannst, um Einblicke in alles rund ums Visualisieren zu erhalten.<\\\/p>\",\"margin\":\"default\"}}]},{\"type\":\"column\",\"props\":{\"image_position\":\"center-center\",\"position_sticky_breakpoint\":\"m\",\"width_medium\":\"1-3\"},\"children\":[{\"type\":\"headline\",\"props\":{\"content\":\"Erfahrung\",\"title_element\":\"h3\",\"title_style\":\"h3\"}},{\"type\":\"text\",\"props\":{\"column_breakpoint\":\"m\",\"content\":\"\n\n<p>Du erh\\u00e4ltst die Gelegenheit, erfahrene Visual Practitioners bei Graphic Recordings zu begleiten und ihnen bei der Arbeit \\u00fcber die Schulter zu schauen. Lerne bew\\u00e4hrte Best Practice bei der Arbeit.<\\\/p>\",\"margin\":\"default\"}}]},{\"type\":\"column\",\"props\":{\"image_position\":\"center-center\",\"position_sticky_breakpoint\":\"m\",\"width_medium\":\"1-3\"},\"children\":[{\"type\":\"headline\",\"props\":{\"content\":\"Entwicklung\",\"title_element\":\"h3\",\"title_style\":\"h3\"}},{\"type\":\"text\",\"props\":{\"column_breakpoint\":\"m\",\"content\":\"\n\n<div class=\\\"flex flex-grow flex-col gap-3 max-w-full\\\">\\n\n\n<div class=\\\"min-h-[20px] flex flex-col items-start gap-3 overflow-x-auto whitespace-pre-wrap break-words\\\">\\n\n\n<div class=\\\"markdown prose w-full break-words dark:prose-invert light\\\">\\n\n\n<p>Du bist \\u00fcber die neuesten Entwicklungen im Bereich der Visual Practitioners bestens informiert und hast die M\\u00f6glichkeit, die Zukunft aktiv mitzugestalten.<\\\/p>\\n<\\\/div>\\n<\\\/div>\\n<\\\/div>\",\"margin\":\"default\"}}]}]},{\"type\":\"row\",\"children\":[{\"type\":\"column\",\"props\":{\"image_position\":\"center-center\",\"position_sticky_breakpoint\":\"m\"},\"children\":[{\"type\":\"button\",\"props\":{\"grid_column_gap\":\"small\",\"grid_row_gap\":\"small\",\"margin\":\"default\"},\"children\":[{\"type\":\"button_item\",\"props\":{\"button_style\":\"default\",\"content\":\"Ich will Supporter werden\",\"icon_align\":\"left\",\"link\":\"become-supporter\\\/\",\"link_title\":\"eine wachsende Branche unterst\\u00fctzen\"}}]},{\"type\":\"totop\",\"props\":{\"margin\":\"default\",\"title_grid_column_gap\":\"small\",\"title_grid_row_gap\":\"small\"}}]}]}],\"name\":\"Become a supporter\"},{\"type\":\"section\",\"props\":{\"id\":\"member-costs\",\"image_position\":\"center-center\",\"style\":\"default\",\"title_breakpoint\":\"xl\",\"title_position\":\"top-left\",\"title_rotation\":\"left\",\"vertical_align\":\"middle\",\"width\":\"default\"},\"children\":[{\"type\":\"row\",\"children\":[{\"type\":\"column\",\"props\":{\"image_position\":\"center-center\",\"position_sticky_breakpoint\":\"m\"},\"children\":[{\"type\":\"headline\",\"props\":{\"content\":\"Investment\",\"title_element\":\"h2\",\"title_style\":\"h1\"}}]}]},{\"type\":\"row\",\"props\":{\"layout\":\"1-3,1-3,1-3\"},\"children\":[{\"type\":\"column\",\"props\":{\"image_position\":\"center-center\",\"position_sticky_breakpoint\":\"m\",\"width_medium\":\"1-3\"},\"children\":[{\"type\":\"headline\",\"props\":{\"content\":\"Member\",\"title_element\":\"h3\",\"title_style\":\"h3\"}},{\"type\":\"text\",\"props\":{\"column_breakpoint\":\"m\",\"content\":\"\n\n<p>Deine aktive Mitgliedschaft erm\\u00f6glicht dir die oben gelisteten Vorteile.\\u00a0<\\\/p>\\n\n\n<p>Der j\\u00e4hrliche Mitgliederbeitrag betr\\u00e4gt CHF 120.-<\\\/p>\\n\n\n<p>Wenn du in der zweiten H\\u00e4lfte des Kalenderjahres Mitglied wirst, betr\\u00e4gt die Geb\\u00fchr f\\u00fcr dieses Jahr CHF 60.-<\\\/p>\",\"margin\":\"default\"}},{\"type\":\"button\",\"props\":{\"grid_column_gap\":\"small\",\"grid_row_gap\":\"small\",\"margin\":\"default\"},\"children\":[{\"type\":\"button_item\",\"props\":{\"button_style\":\"default\",\"content\":\"ich will Mitglied werden\",\"icon_align\":\"left\",\"link\":\"register\\\/\",\"link_target\":\"blank\",\"link_title\":\"Jetzt anmelden\"}}]}]},{\"type\":\"column\",\"props\":{\"image_position\":\"center-center\",\"position_sticky_breakpoint\":\"m\",\"width_medium\":\"1-3\"},\"children\":[{\"type\":\"headline\",\"props\":{\"content\":\"Supporter\",\"title_element\":\"h3\",\"title_style\":\"h3\"}},{\"type\":\"text\",\"props\":{\"column_breakpoint\":\"m\",\"content\":\"\n\n<p>Die Passiv-Mitgliedschaft betr\\u00e4gt CHF 30.-\\u00a0 pro Jahr<\\\/p>\",\"margin\":\"default\"}},{\"type\":\"button\",\"props\":{\"grid_column_gap\":\"small\",\"grid_row_gap\":\"small\",\"margin\":\"default\"},\"children\":[{\"type\":\"button_item\",\"props\":{\"button_style\":\"default\",\"content\":\"Ich will Supporter werden\",\"icon_align\":\"left\",\"link\":\"become-supporter\\\/\",\"link_title\":\"eine wachsende Branche unterst\\u00fctzen\"}}]},{\"type\":\"totop\",\"props\":{\"margin\":\"default\",\"title_grid_column_gap\":\"small\",\"title_grid_row_gap\":\"small\"}}]},{\"type\":\"column\",\"props\":{\"image_position\":\"center-center\",\"position_sticky_breakpoint\":\"m\",\"width_medium\":\"1-3\"}}]}],\"name\":\"Member Costs\"}],\"version\":\"4.0.11\"} --><\/p>\n","protected":false},"excerpt":{"rendered":"<p>Mitglied werden Die Gemeinschaft der Visual Practitioners w\u00e4chst &#8211; weltweit und in der Schweiz. Sei ein Teil davon und werde Mitglied bei Visual Practitioners Schweiz &#8211; du hast viele Vorteile damit. Mit deiner Mitgliedschaft unterst\u00fctzt unseren Berufsstand und gestaltest ihn aktiv mit. Ja, ich will dabei sein! Deine Vorteile als Mitglied Community Du bist Teil [&hellip;]<\/p>\n","protected":false},"author":1,"featured_media":0,"parent":0,"menu_order":0,"comment_status":"closed","ping_status":"closed","template":"","meta":{"footnotes":""},"class_list":["post-482","page","type-page","status-publish","hentry"],"_links":{"self":[{"href":"https:\/\/visualpractitioners.ch\/de\/wp-json\/wp\/v2\/pages\/482","targetHints":{"allow":["GET"]}}],"collection":[{"href":"https:\/\/visualpractitioners.ch\/de\/wp-json\/wp\/v2\/pages"}],"about":[{"href":"https:\/\/visualpractitioners.ch\/de\/wp-json\/wp\/v2\/types\/page"}],"author":[{"embeddable":true,"href":"https:\/\/visualpractitioners.ch\/de\/wp-json\/wp\/v2\/users\/1"}],"replies":[{"embeddable":true,"href":"https:\/\/visualpractitioners.ch\/de\/wp-json\/wp\/v2\/comments?post=482"}],"version-history":[{"count":2,"href":"https:\/\/visualpractitioners.ch\/de\/wp-json\/wp\/v2\/pages\/482\/revisions"}],"predecessor-version":[{"id":499,"href":"https:\/\/visualpractitioners.ch\/de\/wp-json\/wp\/v2\/pages\/482\/revisions\/499"}],"wp:attachment":[{"href":"https:\/\/visualpractitioners.ch\/de\/wp-json\/wp\/v2\/media?parent=482"}],"curies":[{"name":"wp","href":"https:\/\/api.w.org\/{rel}","templated":true}]}}