{"id":5,"date":"2022-07-12T20:42:42","date_gmt":"2022-07-12T18:42:42","guid":{"rendered":"https:\/\/visualpractitioners.ch\/?page_id=5"},"modified":"2025-11-05T11:04:16","modified_gmt":"2025-11-05T10:04:16","slug":"home","status":"publish","type":"page","link":"https:\/\/visualpractitioners.ch\/de\/","title":{"rendered":"Home"},"content":{"rendered":"<h1><span>Visual Practitioners Switzerland<br \/><\/span><\/h1>\n<p><img decoding=\"async\" src=\"\/wp-content\/uploads\/2023\/09\/VPCH_Drop_Coloured-pink.png\" alt=\"\"><\/p>\n<h2>Was ist ein Visual Practitioner?<\/h2>\n<div>\n<p>Ein Visual Practitioner ist eine Fachperson, die visuelle Techniken und Werkzeuge einsetzt, um die Kommunikation, Probleml\u00f6sung und das Verst\u00e4ndnis in verschiedenen Kontexten zu erleichtern.<\/p>\n<p>Visual Practitioners \u00fcbersetzen komplexe Informationen in visuelle Darstellungen, wodurch es f\u00fcr Einzelpersonen oder Gruppen einfacher wird, die Inhalte zu verstehen und sich mit ihnen auseinanderzusetzen.<\/p>\n<\/div>\n<div>\n<p>Visual Practitioners sind h\u00e4ufig in unterschiedlichen Bereichen t\u00e4tig, darunter Wirtschaft, Bildung, Beratung und Moderation.<\/p>\n<\/div>\n<p>\n    <a href=\"https:\/\/visualpractitioners.ch\/practitioners\/\">Visual Practitioner finden<\/a>\n<\/p>\n<p>\n    <a href=\"https:\/\/visualpractitioners.ch\/visual-services\/\">Was sind visuelle Services?<\/a>\n<\/p>\n<p><img decoding=\"async\" src=\"\/wp-content\/uploads\/2025\/03\/VPS-heads.png\" alt=\"Visual Parctitioners Switzelrand a diverse group of members\"><\/p>\n<h2>Was sind Visual Practitioners Switzerland?<\/h2>\n<div>\n<p>Unser Verein ist eine lebendige Gemeinschaft von Visual Practitioners, die in der Schweiz wohnen und arbeiten und die sich leidenschaftlich f\u00fcr die Kunst des visuellen Denkens und der visuellen Kommunikation engagieren. Wir bieten eine Plattform f\u00fcr den Austausch von Ideen, die Weiterentwicklung von F\u00e4higkeiten und die F\u00f6rderung von visueller Arbeit.<\/p>\n<\/div>\n<blockquote>\n<p style=\"text-align: center;\"><strong>&#8220;Local is beatiful&#8221;<\/strong><\/p>\n<\/blockquote>\n<p><img decoding=\"async\" src=\"\/wp-content\/uploads\/2025\/03\/VPS-heads.png\" alt=\"Visual Parctitioners Switzelrand a diverse group of members\"><\/p>\n<div>\n<p>F\u00fcr Unternehmen, Vereine und Beh\u00f6rden bieten wir eine direkte Anlaufstelle, um eine oder auch mehrere Visual Practitioner f\u00fcr die eigenen Anspr\u00fcche zu finden.<\/p>\n<p>F\u00fcr Mitglieder bieten wir Aus- und Weiterbildungsm\u00f6glichkeiten, professionellen Austausch und Best Practice mit einer starken, vertrauensvollen Community.<\/p>\n<\/div>\n<h2>Finde passende Visual Practitioners<\/h2>\n<div>\n<p>Finde eine:n Visual Practitioner f\u00fcr dein n\u00e4chstes Projekt. Einfach nach Service und Sprache filtern und direkt kontaktieren.\u00a0<\/p>\n<\/div>\n<p>\n    <a href=\"https:\/\/visualpractitioners.ch\/practitioners\/\">Visual Practitioner finden<\/a>\n<\/p>\n<div>\n<p>Wir arbeiten als eingespieltes Team von Visual Practitioners \u2013 ob ein Visual Practitioner oder gleich mehrere: Wir machen jeden Anlass sichtbar, lebendig und unvergesslich.<\/p>\n<\/div>\n<p>\n    <a href=\"mailto:info@visualpractitioners.ch?subject=Wir%20suchen%20mehrere%20Visual%20Practitioners\">mit einem Team arbeiten<\/a>\n<\/p>\n<h2>Schau dir Profile und Arbeitsbeispiele an<\/h2>\n<div>\n<p>Lass dich inspirieren von der breiten Palette an Visualisierungen. Du wirst bestimmt einen Stil finden, der dir gef\u00e4llt.\u00a0<\/p>\n<\/div>\n<p>\n    <a href=\"https:\/\/visualpractitioners.ch\/practitioners\/\">Lass dich inspirieren<\/a>\n<\/p>\n<h2>Werde ein Teil der Community<\/h2>\n<div>\n<p>Werde Mitglied bei den Visual Practitioners Switzerland. Nutze die Expertise und den Austausch unserer Community.\u00a0<\/p>\n<\/div>\n<p>\n    <a href=\"https:\/\/visualpractitioners.ch\/become-member\/\">Der Community beitreten<\/a>\n<\/p>\n<h2>Unsere Mission<\/h2>\n<p><img decoding=\"async\" src=\"\/wp-content\/uploads\/2025\/04\/VPS-Mission-2024.png\" alt=\"Visual Practitioners Switzerland our mission\"><br \/>\n<img decoding=\"async\" src=\"\/wp-content\/uploads\/2024\/01\/Neuland_VPT_1200x628_C.jpg\" alt=\"neuland Schweiz unterst\u00fctzt die Visual Practitioners Switzerland vom ersten Tag\"><\/p>\n<div>\n<p>Die Visual Practitioners Switzerland sind Profis: Wir streben in jeder Hinsicht nach Exzellenz in unserer Arbeit. Deshalb arbeiten wir gerne mit den besten Werkzeugen, die es in unserem Bereich gibt.<br \/>Wir sind stolz darauf, dass Neuland Schweiz uns von Anfang an unterst\u00fctzt hat.<\/p>\n<\/div>\n<p><!--more--><br \/>\n<!-- {\"name\":\"About\",\"type\":\"layout\",\"children\":[{\"type\":\"section\",\"props\":{\"animation\":\"fade\",\"animation_delay\":false,\"header_transparent\":true,\"header_transparent_text_color\":\"dark\",\"image_effect\":\"parallax\",\"image_parallax_bgy\":\"0,-600\",\"image_parallax_easing\":\"1\",\"image_position\":\"top-right\",\"padding\":\"large\",\"padding_remove_bottom\":true,\"style\":\"muted\",\"title_breakpoint\":\"xl\",\"title_position\":\"top-left\",\"title_rotation\":\"left\",\"vertical_align\":\"\",\"width\":\"xlarge\"},\"children\":[{\"type\":\"row\",\"props\":{\"layout\":\"3-4,1-4\",\"margin\":\"xlarge\"},\"children\":[{\"type\":\"column\",\"props\":{\"image_position\":\"center-center\",\"position_sticky_breakpoint\":\"m\",\"width_small\":\"3-4\",\"widths\":[\"1-1\"]},\"children\":[{\"type\":\"headline\",\"props\":{\"content\":\"<span>Visual Practitioners Switzerland<br \\\/><\\\/span>\",\"position\":\"relative\",\"position_z_index\":\"3\",\"title_element\":\"h1\",\"title_style\":\"heading-small\"}}]},{\"type\":\"column\",\"props\":{\"image_position\":\"center-center\",\"position_sticky_breakpoint\":\"m\",\"width_small\":\"1-4\"},\"children\":[{\"type\":\"image\",\"props\":{\"animation\":\"parallax\",\"css\":\".el-image { max-width: 45vw; }\",\"image\":\"wp-content\\\/uploads\\\/2023\\\/09\\\/VPCH_Drop_Coloured-pink.png\",\"image_svg_color\":\"emphasis\",\"margin\":\"default\",\"parallax_easing\":\"0.5\",\"parallax_y\":\"5vh,-7vh\",\"position\":\"absolute\",\"position_right\":\"-80\",\"position_top\":\"-10vh\",\"position_z_index\":\"0\",\"text_align\":\"right\"}}]}]},{\"type\":\"row\",\"children\":[{\"type\":\"column\",\"props\":{\"image_position\":\"center-center\",\"position_sticky_breakpoint\":\"m\"},\"children\":[{\"type\":\"headline\",\"props\":{\"content\":\"Was ist ein Visual Practitioner?\",\"title_element\":\"h2\",\"title_style\":\"h2\"}}]}]},{\"type\":\"row\",\"props\":{\"layout\":\"1-3,1-3,1-3\"},\"children\":[{\"type\":\"column\",\"props\":{\"image_position\":\"center-center\",\"position_sticky_breakpoint\":\"m\",\"width_medium\":\"1-3\"},\"children\":[{\"type\":\"text\",\"props\":{\"column_breakpoint\":\"m\",\"content\":\"\n\n<p>Ein Visual Practitioner ist eine Fachperson, die visuelle Techniken und Werkzeuge einsetzt, um die Kommunikation, Probleml\\u00f6sung und das Verst\\u00e4ndnis in verschiedenen Kontexten zu erleichtern.<\\\/p>\\n\n\n<p>Visual Practitioners \\u00fcbersetzen komplexe Informationen in visuelle Darstellungen, wodurch es f\\u00fcr Einzelpersonen oder Gruppen einfacher wird, die Inhalte zu verstehen und sich mit ihnen auseinanderzusetzen.<\\\/p>\",\"margin\":\"default\"}}]},{\"type\":\"column\",\"props\":{\"image_position\":\"center-center\",\"position_sticky_breakpoint\":\"m\",\"width_medium\":\"1-3\"},\"children\":[{\"type\":\"text\",\"props\":{\"column_breakpoint\":\"m\",\"content\":\"\n\n<p>Visual Practitioners sind h\\u00e4ufig in unterschiedlichen Bereichen t\\u00e4tig, darunter Wirtschaft, Bildung, Beratung und Moderation.<\\\/p>\",\"margin\":\"default\"}},{\"type\":\"button\",\"props\":{\"grid_column_gap\":\"small\",\"grid_row_gap\":\"small\",\"margin\":\"default\"},\"children\":[{\"type\":\"button_item\",\"props\":{\"button_style\":\"default\",\"content\":\"Visual Practitioner finden\",\"icon_align\":\"left\",\"link\":\"https:\\\/\\\/visualpractitioners.ch\\\/practitioners\\\/\"}}]},{\"type\":\"button\",\"props\":{\"grid_column_gap\":\"small\",\"grid_row_gap\":\"small\",\"margin\":\"default\"},\"children\":[{\"type\":\"button_item\",\"props\":{\"button_style\":\"default\",\"content\":\"Was sind visuelle Services?\",\"icon_align\":\"left\",\"link\":\"https:\\\/\\\/visualpractitioners.ch\\\/visual-services\\\/\"}}]}]},{\"type\":\"column\",\"props\":{\"image_position\":\"center-center\",\"position_sticky_breakpoint\":\"m\",\"width_medium\":\"1-3\"},\"children\":[{\"type\":\"image\",\"props\":{\"image\":\"wp-content\\\/uploads\\\/2025\\\/03\\\/VPS-heads.png\",\"image_alt\":\"Visual Parctitioners Switzelrand a diverse group of members\",\"image_svg_color\":\"emphasis\",\"margin\":\"default\"}}]}]},{\"type\":\"row\",\"props\":{\"column_gap\":\"large\",\"layout\":\"1-2,1-2\",\"margin\":\"xlarge\",\"status\":\"disabled\"},\"children\":[{\"type\":\"column\",\"props\":{\"image_position\":\"center-center\",\"position_sticky_breakpoint\":\"m\",\"width_medium\":\"1-2\",\"widths\":[\"2-3\"]},\"children\":[{\"type\":\"image\",\"props\":{\"animation\":\"parallax\",\"image\":\"wp-content\\\/uploads\\\/2023\\\/09\\\/VP_CH_Titel.jpg\",\"image_svg_color\":\"emphasis\",\"image_width\":\"auto\",\"margin\":\"large\",\"parallax_easing\":\"1\",\"parallax_y\":\"-5vh,3vh\",\"position_right\":\"90\",\"position_top\":\"2vh\",\"text_align\":\"center\",\"text_align_breakpoint\":\"m\",\"text_align_fallback\":\"right\"}}]},{\"type\":\"column\",\"props\":{\"image_position\":\"center-center\",\"position_sticky_breakpoint\":\"m\",\"vertical_align\":\"middle\",\"width_medium\":\"1-2\",\"widths\":[\"1-3\"]},\"children\":[{\"type\":\"headline\",\"props\":{\"content\":\"\\u201eNutze die Power von Visualisierungen, um komplexe Sachverhalte verst\\u00e4ndlich zu machen und Klarheit zu schaffen.\\u201c\",\"maxwidth\":\"xlarge\",\"title_element\":\"h2\",\"title_style\":\"h1\"}}]}]}],\"name\":\"About\"},{\"type\":\"section\",\"props\":{\"image_position\":\"center-center\",\"style\":\"default\",\"title_breakpoint\":\"xl\",\"title_position\":\"top-left\",\"title_rotation\":\"left\",\"vertical_align\":\"middle\",\"width\":\"default\"},\"children\":[{\"type\":\"row\",\"children\":[{\"type\":\"column\",\"props\":{\"image_position\":\"center-center\",\"position_sticky_breakpoint\":\"m\"},\"children\":[{\"type\":\"headline\",\"props\":{\"content\":\"Was sind Visual Practitioners Switzerland?\",\"margin\":\"medium\",\"position\":\"relative\",\"title_element\":\"h2\",\"title_style\":\"h2\"}}]}]},{\"type\":\"row\",\"props\":{\"layout\":\"1-3,1-3,1-3\"},\"children\":[{\"type\":\"column\",\"props\":{\"image_position\":\"center-center\",\"position_sticky_breakpoint\":\"m\",\"width_medium\":\"1-3\"},\"children\":[{\"type\":\"text\",\"props\":{\"column_breakpoint\":\"m\",\"content\":\"\n\n<p>Unser Verein ist eine lebendige Gemeinschaft von Visual Practitioners, die in der Schweiz wohnen und arbeiten und die sich leidenschaftlich f\\u00fcr die Kunst des visuellen Denkens und der visuellen Kommunikation engagieren. Wir bieten eine Plattform f\\u00fcr den Austausch von Ideen, die Weiterentwicklung von F\\u00e4higkeiten und die F\\u00f6rderung von visueller Arbeit.<\\\/p>\",\"margin\":\"default\"}},{\"type\":\"quotation\",\"props\":{\"content\":\"\n\n<p style=\\\"text-align: center;\\\"><strong>\\\"Local is beatiful\\\"<\\\/strong><\\\/p>\"}},{\"type\":\"button\",\"props\":{\"grid_column_gap\":\"small\",\"grid_row_gap\":\"small\",\"margin\":\"default\",\"status\":\"disabled\"},\"children\":[{\"type\":\"button_item\",\"props\":{\"button_style\":\"default\",\"content\":\"Visual Practitioner finden\",\"icon_align\":\"left\",\"link\":\"https:\\\/\\\/visualpractitioners.ch\\\/practitioners\\\/\"}},{\"type\":\"button_item\",\"props\":{\"button_style\":\"default\",\"content\":\"Was sind Visuelle Services? \",\"icon_align\":\"left\",\"link\":\"https:\\\/\\\/visualpractitioners.ch\\\/visual-services\\\/\"}}]}]},{\"type\":\"column\",\"props\":{\"image_position\":\"center-center\",\"position_sticky_breakpoint\":\"m\",\"width_medium\":\"1-3\"},\"children\":[{\"type\":\"image\",\"props\":{\"image\":\"wp-content\\\/uploads\\\/2025\\\/03\\\/VPS-heads.png\",\"image_alt\":\"Visual Parctitioners Switzelrand a diverse group of members\",\"image_svg_color\":\"emphasis\",\"margin\":\"default\"}}]},{\"type\":\"column\",\"props\":{\"image_position\":\"center-center\",\"position_sticky_breakpoint\":\"m\",\"width_medium\":\"1-3\"},\"children\":[{\"type\":\"text\",\"props\":{\"column_breakpoint\":\"m\",\"content\":\"\n\n<p>F\\u00fcr Unternehmen, Vereine und Beh\\u00f6rden bieten wir eine direkte Anlaufstelle, um eine oder auch mehrere Visual Practitioner f\\u00fcr die eigenen Anspr\\u00fcche zu finden.<\\\/p>\\n\n\n<p>F\\u00fcr Mitglieder bieten wir Aus- und Weiterbildungsm\\u00f6glichkeiten, professionellen Austausch und Best Practice mit einer starken, vertrauensvollen Community.<\\\/p>\",\"margin\":\"default\"}}]}]}]},{\"type\":\"section\",\"props\":{\"image_position\":\"center-center\",\"style\":\"default\",\"title_breakpoint\":\"xl\",\"title_position\":\"top-left\",\"title_rotation\":\"left\",\"vertical_align\":\"middle\",\"width\":\"default\"},\"children\":[{\"type\":\"row\",\"props\":{\"layout\":\"1-3,1-3,1-3\"},\"children\":[{\"type\":\"column\",\"props\":{\"image_position\":\"center-center\",\"position_sticky_breakpoint\":\"m\",\"width_medium\":\"1-3\"},\"children\":[{\"type\":\"headline\",\"props\":{\"content\":\"Finde passende Visual Practitioners\",\"title_element\":\"h2\",\"title_style\":\"h2\"}},{\"type\":\"text\",\"props\":{\"column_breakpoint\":\"m\",\"content\":\"\n\n<p>Finde eine:n Visual Practitioner f\\u00fcr dein n\\u00e4chstes Projekt. Einfach nach Service und Sprache filtern und direkt kontaktieren.\\u00a0<\\\/p>\",\"margin\":\"default\"}},{\"type\":\"button\",\"props\":{\"grid_column_gap\":\"small\",\"grid_row_gap\":\"small\",\"margin\":\"default\"},\"children\":[{\"type\":\"button_item\",\"props\":{\"button_style\":\"default\",\"content\":\"Visual Practitioner finden\",\"icon_align\":\"left\",\"link\":\"practitioners\\\/\"}}]},{\"type\":\"text\",\"props\":{\"column_breakpoint\":\"m\",\"content\":\"\n\n<p>Wir arbeiten als eingespieltes Team von Visual Practitioners \\u2013 ob ein Visual Practitioner oder gleich mehrere: Wir machen jeden Anlass sichtbar, lebendig und unvergesslich.<\\\/p>\",\"margin\":\"default\"}},{\"type\":\"button\",\"props\":{\"grid_column_gap\":\"small\",\"grid_row_gap\":\"small\",\"margin\":\"default\"},\"children\":[{\"type\":\"button_item\",\"props\":{\"button_style\":\"default\",\"content\":\"mit einem Team arbeiten\",\"icon_align\":\"left\",\"link\":\"mailto:info@visualpractitioners.ch?subject=Wir%20suchen%20mehrere%20Visual%20Practitioners\"}}]}]},{\"type\":\"column\",\"props\":{\"image_position\":\"center-center\",\"position_sticky_breakpoint\":\"m\",\"width_medium\":\"1-3\"},\"children\":[{\"type\":\"headline\",\"props\":{\"content\":\"Schau dir Profile und Arbeitsbeispiele an\",\"title_element\":\"h2\",\"title_style\":\"h2\"}},{\"type\":\"text\",\"props\":{\"column_breakpoint\":\"m\",\"content\":\"\n\n<p>Lass dich inspirieren von der breiten Palette an Visualisierungen. Du wirst bestimmt einen Stil finden, der dir gef\\u00e4llt.\\u00a0<\\\/p>\",\"margin\":\"default\"}},{\"type\":\"button\",\"props\":{\"grid_column_gap\":\"small\",\"grid_row_gap\":\"small\",\"margin\":\"default\"},\"children\":[{\"type\":\"button_item\",\"props\":{\"button_style\":\"default\",\"content\":\"Lass dich inspirieren\",\"icon_align\":\"left\",\"link\":\"practitioners\\\/\"}}]}]},{\"type\":\"column\",\"props\":{\"image_position\":\"center-center\",\"position_sticky_breakpoint\":\"m\",\"width_medium\":\"1-3\"},\"children\":[{\"type\":\"headline\",\"props\":{\"content\":\"Werde ein Teil der Community\",\"title_element\":\"h2\",\"title_style\":\"h2\"}},{\"type\":\"text\",\"props\":{\"column_breakpoint\":\"m\",\"content\":\"\n\n<p>Werde Mitglied bei den Visual Practitioners Switzerland. Nutze die Expertise und den Austausch unserer Community.\\u00a0<\\\/p>\",\"margin\":\"default\"}},{\"type\":\"button\",\"props\":{\"grid_column_gap\":\"small\",\"grid_row_gap\":\"small\",\"margin\":\"default\"},\"children\":[{\"type\":\"button_item\",\"props\":{\"button_style\":\"default\",\"content\":\"Der Community beitreten\",\"icon_align\":\"left\",\"link\":\"become-member\\\/\"}}]}]}]}]},{\"type\":\"section\",\"props\":{\"image_position\":\"center-center\",\"style\":\"default\",\"title_breakpoint\":\"xl\",\"title_position\":\"top-left\",\"title_rotation\":\"left\",\"vertical_align\":\"middle\",\"width\":\"default\"},\"children\":[{\"type\":\"row\",\"children\":[{\"type\":\"column\",\"props\":{\"image_position\":\"center-center\",\"position_sticky_breakpoint\":\"m\"},\"children\":[{\"type\":\"headline\",\"props\":{\"content\":\"Unsere Mission\",\"margin\":\"medium\",\"position\":\"relative\",\"title_element\":\"h2\",\"title_style\":\"h2\"}}]}]},{\"type\":\"row\",\"children\":[{\"type\":\"column\",\"props\":{\"image_position\":\"center-center\",\"position_sticky_breakpoint\":\"m\"},\"children\":[{\"type\":\"image\",\"props\":{\"image\":\"wp-content\\\/uploads\\\/2025\\\/04\\\/VPS-Mission-2024.png\",\"image_alt\":\"Visual Practitioners Switzerland our mission\",\"image_svg_color\":\"emphasis\",\"margin\":\"default\"}}]}]}]},{\"type\":\"section\",\"props\":{\"image_position\":\"center-center\",\"style\":\"default\",\"title_breakpoint\":\"xl\",\"title_position\":\"top-left\",\"title_rotation\":\"left\",\"vertical_align\":\"middle\",\"width\":\"default\"},\"children\":[{\"type\":\"row\",\"props\":{\"layout\":\"2-3,1-3\"},\"children\":[{\"type\":\"column\",\"props\":{\"image_position\":\"center-center\",\"position_sticky_breakpoint\":\"m\",\"width_medium\":\"2-3\"},\"children\":[{\"type\":\"image\",\"props\":{\"image\":\"wp-content\\\/uploads\\\/2024\\\/01\\\/Neuland_VPT_1200x628_C.jpg\",\"image_alt\":\"neuland Schweiz unterst\\u00fctzt die Visual Practitioners Switzerland vom ersten Tag\",\"image_svg_color\":\"emphasis\",\"margin\":\"default\"}}]},{\"type\":\"column\",\"props\":{\"image_position\":\"center-center\",\"position_sticky_breakpoint\":\"m\",\"width_medium\":\"1-3\"},\"children\":[{\"type\":\"text\",\"props\":{\"column_breakpoint\":\"m\",\"content\":\"\n\n<p>Die Visual Practitioners Switzerland sind Profis: Wir streben in jeder Hinsicht nach Exzellenz in unserer Arbeit. Deshalb arbeiten wir gerne mit den besten Werkzeugen, die es in unserem Bereich gibt.<br \\\/>Wir sind stolz darauf, dass Neuland Schweiz uns von Anfang an unterst\\u00fctzt hat.<\\\/p>\",\"margin\":\"default\"}}]}]}]},{\"type\":\"section\",\"props\":{\"animation\":\"slide-bottom-small\",\"id\":\"cta\",\"image_position\":\"center-center\",\"status\":\"disabled\",\"style\":\"muted\",\"title_breakpoint\":\"xl\",\"title_position\":\"top-left\",\"title_rotation\":\"left\",\"vertical_align\":\"\",\"width\":\"xlarge\"},\"children\":[{\"type\":\"row\",\"props\":{\"column_gap\":\"large\",\"layout\":\"1-2,1-2\",\"status\":\"disabled\"},\"children\":[{\"type\":\"column\",\"props\":{\"image_position\":\"center-center\",\"position_sticky_breakpoint\":\"m\",\"vertical_align\":\"middle\",\"width_medium\":\"1-2\",\"widths\":[\"3-4\"]},\"children\":[{\"type\":\"image\",\"props\":{\"animation\":\"parallax\",\"css\":\".el-image { max-width: 40vw; }\",\"image\":\"wp-content\\\/uploads\\\/about-03.png\",\"image_svg_color\":\"emphasis\",\"image_width\":\"460\",\"margin\":\"default\",\"parallax_easing\":\"1\",\"parallax_y\":\"0,-3vh\",\"position\":\"absolute\",\"position_bottom\":\"20%\",\"position_right\":\"50\",\"position_z_index\":\"2\",\"text_align\":\"center\"}},{\"type\":\"image\",\"props\":{\"animation\":\"parallax\",\"css\":\".el-image { max-width: 70vw; }\",\"image\":\"wp-content\\\/uploads\\\/about-04.svg\",\"image_svg_color\":\"emphasis\",\"margin\":\"default\",\"parallax_easing\":\"1\",\"parallax_y\":\"-3vh,3vh\",\"position\":\"relative\",\"position_right\":\"-60\",\"position_z_index\":\"0\",\"text_align\":\"center\",\"text_align_breakpoint\":\"m\"}}]},{\"type\":\"column\",\"props\":{\"image_position\":\"center-center\",\"order_first\":\"m\",\"position_sticky_breakpoint\":\"m\",\"vertical_align\":\"middle\",\"width_medium\":\"1-2\"},\"children\":[{\"type\":\"headline\",\"props\":{\"content\":\"Finden Sie das richtige Angebot\",\"position\":\"relative\",\"position_z_index\":\"3\",\"title_element\":\"h2\",\"title_style\":\"heading-small\"}},{\"type\":\"text\",\"props\":{\"column_breakpoint\":\"m\",\"content\":\"Lorem ipsum dolor sit amet, consectetuer adipiscing elit, sed diam accumsa nibhnt ut laoreet dolore magna aliquam erat volutpat wisi enim minim veniam, quis nostrud tation ullamcorper autem vel suscipit.\",\"margin\":\"medium\",\"text_style\":\"lead\"}}]}]}],\"name\":\"Call to Action\"}],\"version\":\"4.4.8\"} --><\/p>\n","protected":false},"excerpt":{"rendered":"<p>Visual Practitioners Switzerland Was ist ein Visual Practitioner? Ein Visual Practitioner ist eine Fachperson, die visuelle Techniken und Werkzeuge einsetzt, um die Kommunikation, Probleml\u00f6sung und das Verst\u00e4ndnis in verschiedenen Kontexten zu erleichtern. Visual Practitioners \u00fcbersetzen komplexe Informationen in visuelle Darstellungen, wodurch es f\u00fcr Einzelpersonen oder Gruppen einfacher wird, die Inhalte zu verstehen und sich mit [&hellip;]<\/p>\n","protected":false},"author":1,"featured_media":0,"parent":0,"menu_order":0,"comment_status":"closed","ping_status":"closed","template":"","meta":{"footnotes":""},"class_list":["post-5","page","type-page","status-publish","hentry"],"_links":{"self":[{"href":"https:\/\/visualpractitioners.ch\/de\/wp-json\/wp\/v2\/pages\/5","targetHints":{"allow":["GET"]}}],"collection":[{"href":"https:\/\/visualpractitioners.ch\/de\/wp-json\/wp\/v2\/pages"}],"about":[{"href":"https:\/\/visualpractitioners.ch\/de\/wp-json\/wp\/v2\/types\/page"}],"author":[{"embeddable":true,"href":"https:\/\/visualpractitioners.ch\/de\/wp-json\/wp\/v2\/users\/1"}],"replies":[{"embeddable":true,"href":"https:\/\/visualpractitioners.ch\/de\/wp-json\/wp\/v2\/comments?post=5"}],"version-history":[{"count":23,"href":"https:\/\/visualpractitioners.ch\/de\/wp-json\/wp\/v2\/pages\/5\/revisions"}],"predecessor-version":[{"id":654,"href":"https:\/\/visualpractitioners.ch\/de\/wp-json\/wp\/v2\/pages\/5\/revisions\/654"}],"wp:attachment":[{"href":"https:\/\/visualpractitioners.ch\/de\/wp-json\/wp\/v2\/media?parent=5"}],"curies":[{"name":"wp","href":"https:\/\/api.w.org\/{rel}","templated":true}]}}